{"id":162,"date":"2022-05-31T14:30:23","date_gmt":"2022-05-31T17:30:23","guid":{"rendered":"https:\/\/sbera.org.br\/novo\/?page_id=162"},"modified":"2023-12-07T16:56:26","modified_gmt":"2023-12-07T19:56:26","slug":"anais","status":"publish","type":"page","link":"https:\/\/sbera.org.br\/novo\/anais\/","title":{"rendered":"Anais"},"content":{"rendered":"\n<p><\/p>\n\n\n\n<div class=\"wp-block-columns is-layout-flex wp-container-core-columns-is-layout-9d6595d7 wp-block-columns-is-layout-flex\">\n<div class=\"wp-block-column is-layout-flow wp-block-column-is-layout-flow\">\n<figure class=\"wp-block-gallery has-nested-images columns-default is-cropped wp-block-gallery-1 is-layout-flex wp-block-gallery-is-layout-flex\">\n<figure class=\"wp-block-image size-full\"><img loading=\"lazy\" decoding=\"async\" width=\"1241\" height=\"1755\" data-id=\"584\" src=\"https:\/\/sbera.org.br\/novo\/wp-content\/uploads\/2023\/11\/Proceedings-of-the-VII-Internacional-Symposium-on-Agricultural-and-Agroindustrial-Waste-Management_page-0001.jpg\" alt=\"\" class=\"wp-image-584\" srcset=\"https:\/\/sbera.org.br\/novo\/wp-content\/uploads\/2023\/11\/Proceedings-of-the-VII-Internacional-Symposium-on-Agricultural-and-Agroindustrial-Waste-Management_page-0001.jpg 1241w, https:\/\/sbera.org.br\/novo\/wp-content\/uploads\/2023\/11\/Proceedings-of-the-VII-Internacional-Symposium-on-Agricultural-and-Agroindustrial-Waste-Management_page-0001-212x300.jpg 212w, https:\/\/sbera.org.br\/novo\/wp-content\/uploads\/2023\/11\/Proceedings-of-the-VII-Internacional-Symposium-on-Agricultural-and-Agroindustrial-Waste-Management_page-0001-724x1024.jpg 724w, https:\/\/sbera.org.br\/novo\/wp-content\/uploads\/2023\/11\/Proceedings-of-the-VII-Internacional-Symposium-on-Agricultural-and-Agroindustrial-Waste-Management_page-0001-768x1086.jpg 768w, https:\/\/sbera.org.br\/novo\/wp-content\/uploads\/2023\/11\/Proceedings-of-the-VII-Internacional-Symposium-on-Agricultural-and-Agroindustrial-Waste-Management_page-0001-1086x1536.jpg 1086w\" sizes=\"auto, (max-width: 1241px) 100vw, 1241px\" \/><\/figure>\n<\/figure>\n<\/div>\n\n\n\n<div class=\"wp-block-column is-layout-flow wp-block-column-is-layout-flow\">\n<p><strong>Proceedings of the VIII Internacional Symposium on Agricultural and Agroindustrial Waste Management<\/strong><\/p>\n\n\n\n<p><strong>Autoria:<\/strong>&nbsp;Simp\u00f3sio Internacional sobre Gerenciamento de Res\u00edduos Agropecu\u00e1rios e Agroindustriais<\/p>\n\n\n\n<p><strong>Ano de publica\u00e7\u00e3o:<\/strong>&nbsp;2023<\/p>\n\n\n\n<p><strong>Tipo de publica\u00e7\u00e3o:<\/strong>&nbsp;Anais<\/p>\n\n\n\n<p><strong>Palavras-chave:<\/strong>&nbsp;Energia. Fertilizante. Impacto ambiental. Res\u00edduos. Tratamento.<\/p>\n\n\n\n<div class=\"wp-block-buttons is-layout-flex wp-block-buttons-is-layout-flex\">\n<div class=\"wp-block-button is-style-fill\"><a class=\"wp-block-button__link wp-element-button\" href=\"https:\/\/sbera.org.br\/novo\/wp-content\/uploads\/2023\/12\/ANAIS-VIII-SIGERA_2023-1.pdf\" target=\"_blank\" rel=\"noreferrer noopener\">Baixar publica\u00e7\u00e3o (PDF)<\/a><\/div>\n<\/div>\n<\/div>\n<\/div>\n\n\n\n<div class=\"wp-block-columns is-layout-flex wp-container-core-columns-is-layout-9d6595d7 wp-block-columns-is-layout-flex\">\n<div class=\"wp-block-column is-layout-flow wp-block-column-is-layout-flow\" style=\"flex-basis:33.33%\">\n<figure class=\"wp-block-image size-full\"><img loading=\"lazy\" decoding=\"async\" width=\"486\" height=\"702\" src=\"https:\/\/sbera.org.br\/novo\/wp-content\/uploads\/2022\/05\/sigera_2022.png\" alt=\"\" class=\"wp-image-178\" srcset=\"https:\/\/sbera.org.br\/novo\/wp-content\/uploads\/2022\/05\/sigera_2022.png 486w, https:\/\/sbera.org.br\/novo\/wp-content\/uploads\/2022\/05\/sigera_2022-208x300.png 208w\" sizes=\"auto, (max-width: 486px) 100vw, 486px\" \/><\/figure>\n<\/div>\n\n\n\n<div class=\"wp-block-column is-layout-flow wp-block-column-is-layout-flow\" style=\"flex-basis:66.66%\">\n<h5 class=\"wp-block-heading\">Proceedings of the VII Internacional Symposium on agricultural and agroindustrial waste management<\/h5>\n\n\n\n<p><\/p>\n\n\n\n<p><strong>Autoria:<\/strong> Simp\u00f3sio Internacional sobre Gerenciamento de Res\u00edduos Agropecu\u00e1rios e Agroindustriais<\/p>\n\n\n\n<p><strong>Ano de publica\u00e7\u00e3o:<\/strong> 2021<\/p>\n\n\n\n<p><strong>Tipo de publica\u00e7\u00e3o:<\/strong>&nbsp;Anais<\/p>\n\n\n\n<p><strong>Palavras-chave:<\/strong> Energia. Fertilizante. Impacto ambiental. Res\u00edduos. Tratamento.<\/p>\n\n\n\n<p><\/p>\n\n\n\n<p><\/p>\n\n\n\n<div class=\"wp-block-buttons is-layout-flex wp-block-buttons-is-layout-flex\">\n<div class=\"wp-block-button\"><a class=\"wp-block-button__link wp-element-button\" href=\"https:\/\/sbera.org.br\/novo\/wp-content\/uploads\/2022\/05\/sigera_20222.pdf\" target=\"_blank\" rel=\"noreferrer noopener\">Baixar publica\u00e7\u00e3o (PDF)<\/a><\/div>\n<\/div>\n<\/div>\n<\/div>\n\n\n\n<div class=\"wp-block-columns is-layout-flex wp-container-core-columns-is-layout-9d6595d7 wp-block-columns-is-layout-flex\">\n<div class=\"wp-block-column is-layout-flow wp-block-column-is-layout-flow\" style=\"flex-basis:33.33%\">\n<figure class=\"wp-block-image size-full\"><img loading=\"lazy\" decoding=\"async\" width=\"491\" height=\"695\" src=\"https:\/\/sbera.org.br\/novo\/wp-content\/uploads\/2022\/05\/sigera_2019.png\" alt=\"\" class=\"wp-image-175\" srcset=\"https:\/\/sbera.org.br\/novo\/wp-content\/uploads\/2022\/05\/sigera_2019.png 491w, https:\/\/sbera.org.br\/novo\/wp-content\/uploads\/2022\/05\/sigera_2019-212x300.png 212w\" sizes=\"auto, (max-width: 491px) 100vw, 491px\" \/><\/figure>\n<\/div>\n\n\n\n<div class=\"wp-block-column is-layout-flow wp-block-column-is-layout-flow\" style=\"flex-basis:66.66%\">\n<h5 class=\"wp-block-heading\">anais do vI simp\u00f3sio internacional sobre gerenciamento de res\u00edduos agropecu\u00e1rios e agroindustriais<\/h5>\n\n\n\n<p><\/p>\n\n\n\n<p><strong>Autoria:<\/strong> Simp\u00f3sio Internacional sobre Gerenciamento de Res\u00edduos Agropecu\u00e1rios e Agroindustriais<\/p>\n\n\n\n<p><strong>Ano de publica\u00e7\u00e3o:<\/strong> 2019<\/p>\n\n\n\n<p><strong>Tipo de publica\u00e7\u00e3o:<\/strong>&nbsp;Anais<\/p>\n\n\n\n<p><strong>Palavras-chave:<\/strong> Energia. Fertilizante. Impacto ambiental. Res\u00edduos. Tratamento.<\/p>\n\n\n\n<p><\/p>\n\n\n\n<p><\/p>\n\n\n\n<div class=\"wp-block-buttons is-layout-flex wp-block-buttons-is-layout-flex\">\n<div class=\"wp-block-button\"><a class=\"wp-block-button__link wp-element-button\" href=\"https:\/\/sbera.org.br\/novo\/wp-content\/uploads\/2022\/05\/sigera_20192.pdf\" target=\"_blank\" rel=\"noreferrer noopener\">Baixar publica\u00e7\u00e3o (PDF)<\/a><\/div>\n<\/div>\n<\/div>\n<\/div>\n\n\n\n<div class=\"wp-block-columns is-layout-flex wp-container-core-columns-is-layout-9d6595d7 wp-block-columns-is-layout-flex\">\n<div class=\"wp-block-column is-layout-flow wp-block-column-is-layout-flow\" style=\"flex-basis:33.33%\">\n<figure class=\"wp-block-image size-full\"><img loading=\"lazy\" decoding=\"async\" width=\"490\" height=\"697\" src=\"https:\/\/sbera.org.br\/novo\/wp-content\/uploads\/2022\/05\/sigera_2017.png\" alt=\"\" class=\"wp-image-172\" srcset=\"https:\/\/sbera.org.br\/novo\/wp-content\/uploads\/2022\/05\/sigera_2017.png 490w, https:\/\/sbera.org.br\/novo\/wp-content\/uploads\/2022\/05\/sigera_2017-211x300.png 211w\" sizes=\"auto, (max-width: 490px) 100vw, 490px\" \/><\/figure>\n<\/div>\n\n\n\n<div class=\"wp-block-column is-layout-flow wp-block-column-is-layout-flow\" style=\"flex-basis:66.66%\">\n<h5 class=\"wp-block-heading\">anais do v simp\u00f3sio internacional sobre gerenciamento de res\u00edduos agropecu\u00e1rios e agroindustriais<\/h5>\n\n\n\n<p><\/p>\n\n\n\n<p><strong>Autoria:<\/strong> Simp\u00f3sio Internacional sobre Gerenciamento de Res\u00edduos Agropecu\u00e1rios e Agroindustriais<\/p>\n\n\n\n<p><strong>Ano de publica\u00e7\u00e3o:<\/strong> 2017<\/p>\n\n\n\n<p><strong>Tipo de publica\u00e7\u00e3o:<\/strong>&nbsp;Anais<\/p>\n\n\n\n<p><strong>Palavras-chave:<\/strong> Energia. Fertilizante. Impacto ambiental. Res\u00edduos. Tratamento.<\/p>\n\n\n\n<p><\/p>\n\n\n\n<p><\/p>\n\n\n\n<div class=\"wp-block-buttons is-layout-flex wp-block-buttons-is-layout-flex\">\n<div class=\"wp-block-button\"><a class=\"wp-block-button__link wp-element-button\" href=\"https:\/\/sbera.org.br\/novo\/wp-content\/uploads\/2022\/05\/sigera_20172.pdf\" target=\"_blank\" rel=\"noreferrer noopener\">Baixar publica\u00e7\u00e3o (PDF)<\/a><\/div>\n<\/div>\n<\/div>\n<\/div>\n\n\n\n<div class=\"wp-block-columns is-layout-flex wp-container-core-columns-is-layout-9d6595d7 wp-block-columns-is-layout-flex\">\n<div class=\"wp-block-column is-layout-flow wp-block-column-is-layout-flow\" style=\"flex-basis:33.33%\">\n<figure class=\"wp-block-image size-full\"><img loading=\"lazy\" decoding=\"async\" width=\"491\" height=\"695\" src=\"https:\/\/sbera.org.br\/novo\/wp-content\/uploads\/2022\/05\/sigera_2015.png\" alt=\"\" class=\"wp-image-163\" srcset=\"https:\/\/sbera.org.br\/novo\/wp-content\/uploads\/2022\/05\/sigera_2015.png 491w, https:\/\/sbera.org.br\/novo\/wp-content\/uploads\/2022\/05\/sigera_2015-212x300.png 212w\" sizes=\"auto, (max-width: 491px) 100vw, 491px\" \/><\/figure>\n<\/div>\n\n\n\n<div class=\"wp-block-column is-layout-flow wp-block-column-is-layout-flow\" style=\"flex-basis:66.66%\">\n<h5 class=\"wp-block-heading\">anais do iv simp\u00f3sio internacional sobre gerenciamento de res\u00edduos agropecu\u00e1rios e agroindustriais<\/h5>\n\n\n\n<p><\/p>\n\n\n\n<p><strong>Autoria:<\/strong> Simp\u00f3sio Internacional sobre Gerenciamento de Res\u00edduos Agropecu\u00e1rios e Agroindustriais<\/p>\n\n\n\n<p><strong>Ano de publica\u00e7\u00e3o:<\/strong> 2015<\/p>\n\n\n\n<p><strong>Tipo de publica\u00e7\u00e3o:<\/strong>&nbsp;Anais<\/p>\n\n\n\n<p><strong>Palavras-chave:<\/strong> Energia. Fertilizante. Impacto ambiental. Res\u00edduos. Tratamento.<\/p>\n\n\n\n<p><\/p>\n\n\n\n<p><\/p>\n\n\n\n<div class=\"wp-block-buttons is-layout-flex wp-block-buttons-is-layout-flex\">\n<div class=\"wp-block-button\"><a class=\"wp-block-button__link wp-element-button\" href=\"https:\/\/sbera.org.br\/novo\/wp-content\/uploads\/2022\/05\/sigera_20152.pdf\" target=\"_blank\" rel=\"noreferrer noopener\">Baixar publica\u00e7\u00e3o (PDF)<\/a><\/div>\n<\/div>\n<\/div>\n<\/div>\n","protected":false},"excerpt":{"rendered":"<p>Proceedings of the VIII Internacional Symposium on Agricultural and Agroindustrial Waste Management Autoria:&nbsp;Simp\u00f3sio Internacional sobre Gerenciamento de Res\u00edduos Agropecu\u00e1rios e Agroindustriais Ano de publica\u00e7\u00e3o:&nbsp;2023 Tipo de publica\u00e7\u00e3o:&nbsp;Anais Palavras-chave:&nbsp;Energia. Fertilizante. Impacto &#8230;<\/p>\n","protected":false},"author":3,"featured_media":0,"parent":0,"menu_order":0,"comment_status":"closed","ping_status":"closed","template":"template-fullwidth.php","meta":{"footnotes":""},"class_list":["post-162","page","type-page","status-publish","hentry"],"_links":{"self":[{"href":"https:\/\/sbera.org.br\/novo\/wp-json\/wp\/v2\/pages\/162","targetHints":{"allow":["GET"]}}],"collection":[{"href":"https:\/\/sbera.org.br\/novo\/wp-json\/wp\/v2\/pages"}],"about":[{"href":"https:\/\/sbera.org.br\/novo\/wp-json\/wp\/v2\/types\/page"}],"author":[{"embeddable":true,"href":"https:\/\/sbera.org.br\/novo\/wp-json\/wp\/v2\/users\/3"}],"replies":[{"embeddable":true,"href":"https:\/\/sbera.org.br\/novo\/wp-json\/wp\/v2\/comments?post=162"}],"version-history":[{"count":18,"href":"https:\/\/sbera.org.br\/novo\/wp-json\/wp\/v2\/pages\/162\/revisions"}],"predecessor-version":[{"id":737,"href":"https:\/\/sbera.org.br\/novo\/wp-json\/wp\/v2\/pages\/162\/revisions\/737"}],"wp:attachment":[{"href":"https:\/\/sbera.org.br\/novo\/wp-json\/wp\/v2\/media?parent=162"}],"curies":[{"name":"wp","href":"https:\/\/api.w.org\/{rel}","templated":true}]}}