{"id":59,"date":"2022-03-09T15:47:45","date_gmt":"2022-03-09T18:47:45","guid":{"rendered":"https:\/\/sbera.org.br\/novo\/?page_id=59"},"modified":"2026-01-27T15:24:39","modified_gmt":"2026-01-27T18:24:39","slug":"diretoria-e-conselho","status":"publish","type":"page","link":"https:\/\/sbera.org.br\/novo\/diretoria-e-conselho\/","title":{"rendered":"Diretoria e Conselho"},"content":{"rendered":"\n<p><\/p>\n\n\n\n<p class=\"has-text-align-center has-black-color has-text-color has-background has-link-color has-medium-font-size wp-elements-a5724556fa72af0cfb40d28439b202b0\" style=\"background-color:#f0f0f0\"><strong>Ata de elei\u00e7\u00e3o da diretoria (Gest\u00e3o 2026-2027)<\/strong><\/p>\n\n\n\n<p class=\"has-vivid-cyan-blue-color has-text-color has-link-color wp-elements-05632029db11419b895fe2527d27a9af\"><\/p>\n\n\n\n<div class=\"wp-block-buttons is-layout-flex wp-block-buttons-is-layout-flex\">\n<div class=\"wp-block-button\"><a class=\"wp-block-button__link wp-element-button\" href=\"https:\/\/drive.google.com\/file\/d\/1qcco-5SAZ_cnlRThPXXFn-ORs5vMC7SO\/view\" target=\"_blank\" rel=\"noreferrer noopener\">Clique aqui <\/a><\/div>\n<\/div>\n\n\n\n<p class=\"has-black-color has-text-color\"><\/p>\n\n\n\n<p><\/p>\n\n\n\n<p class=\"has-text-align-center has-black-color has-light-green-cyan-to-vivid-green-cyan-gradient-background has-text-color has-background has-medium-font-size\" style=\"text-decoration:none\"><strong>Diretoria (Gest\u00e3o 2026-2027)<\/strong><\/p>\n\n\n\n<figure class=\"wp-block-gallery has-nested-images columns-default is-cropped wp-block-gallery-1 is-layout-flex wp-block-gallery-is-layout-flex\">\n<figure class=\"wp-block-image size-large\"><img loading=\"lazy\" decoding=\"async\" width=\"840\" height=\"1024\" data-id=\"1112\" src=\"https:\/\/sbera.org.br\/novo\/wp-content\/uploads\/2026\/01\/fabi-840x1024.jpeg\" alt=\"\" class=\"wp-image-1112\" srcset=\"https:\/\/sbera.org.br\/novo\/wp-content\/uploads\/2026\/01\/fabi-840x1024.jpeg 840w, https:\/\/sbera.org.br\/novo\/wp-content\/uploads\/2026\/01\/fabi-246x300.jpeg 246w, https:\/\/sbera.org.br\/novo\/wp-content\/uploads\/2026\/01\/fabi-768x936.jpeg 768w, https:\/\/sbera.org.br\/novo\/wp-content\/uploads\/2026\/01\/fabi-1260x1536.jpeg 1260w, https:\/\/sbera.org.br\/novo\/wp-content\/uploads\/2026\/01\/fabi.jpeg 1313w\" sizes=\"auto, (max-width: 840px) 100vw, 840px\" \/><figcaption class=\"wp-element-caption\">Fabiane Goldschmidt Antes \u2013 Presidente<\/figcaption><\/figure>\n\n\n\n<figure class=\"wp-block-image size-large\"><img loading=\"lazy\" decoding=\"async\" width=\"768\" height=\"1024\" data-id=\"1113\" src=\"https:\/\/sbera.org.br\/novo\/wp-content\/uploads\/2026\/01\/anaclaudia-768x1024.jpeg\" alt=\"\" class=\"wp-image-1113\" srcset=\"https:\/\/sbera.org.br\/novo\/wp-content\/uploads\/2026\/01\/anaclaudia-768x1024.jpeg 768w, https:\/\/sbera.org.br\/novo\/wp-content\/uploads\/2026\/01\/anaclaudia-225x300.jpeg 225w, https:\/\/sbera.org.br\/novo\/wp-content\/uploads\/2026\/01\/anaclaudia-1152x1536.jpeg 1152w, https:\/\/sbera.org.br\/novo\/wp-content\/uploads\/2026\/01\/anaclaudia.jpeg 1200w\" sizes=\"auto, (max-width: 768px) 100vw, 768px\" \/><figcaption class=\"wp-element-caption\">Ana Claudia Lazaroto \u2013 Diretora Tesoureira<\/figcaption><\/figure>\n\n\n\n<figure class=\"wp-block-image size-large\"><img loading=\"lazy\" decoding=\"async\" width=\"768\" height=\"1024\" data-id=\"1114\" src=\"https:\/\/sbera.org.br\/novo\/wp-content\/uploads\/2026\/01\/sibele-768x1024.jpeg\" alt=\"\" class=\"wp-image-1114\" srcset=\"https:\/\/sbera.org.br\/novo\/wp-content\/uploads\/2026\/01\/sibele-768x1024.jpeg 768w, https:\/\/sbera.org.br\/novo\/wp-content\/uploads\/2026\/01\/sibele-225x300.jpeg 225w, https:\/\/sbera.org.br\/novo\/wp-content\/uploads\/2026\/01\/sibele.jpeg 960w\" sizes=\"auto, (max-width: 768px) 100vw, 768px\" \/><figcaption class=\"wp-element-caption\">Sibele Augusta Ferreira Leite \u2013 Diretora de Agroind\u00fastria<\/figcaption><\/figure>\n\n\n\n<figure class=\"wp-block-image size-large\"><img loading=\"lazy\" decoding=\"async\" width=\"511\" height=\"681\" data-id=\"118\" src=\"https:\/\/sbera.org.br\/novo\/wp-content\/uploads\/2022\/05\/sbera_vinicius.jpeg\" alt=\"\" class=\"wp-image-118\" srcset=\"https:\/\/sbera.org.br\/novo\/wp-content\/uploads\/2022\/05\/sbera_vinicius.jpeg 511w, https:\/\/sbera.org.br\/novo\/wp-content\/uploads\/2022\/05\/sbera_vinicius-225x300.jpeg 225w\" sizes=\"auto, (max-width: 511px) 100vw, 511px\" \/><figcaption class=\"wp-element-caption\">Vinicius de Melo Benites \u2013 Diretor de Agricultura<\/figcaption><\/figure>\n\n\n\n<figure class=\"wp-block-image size-large\"><img loading=\"lazy\" decoding=\"async\" width=\"1024\" height=\"1024\" data-id=\"1115\" src=\"https:\/\/sbera.org.br\/novo\/wp-content\/uploads\/2026\/01\/june2-1024x1024.jpg\" alt=\"\" class=\"wp-image-1115\" srcset=\"https:\/\/sbera.org.br\/novo\/wp-content\/uploads\/2026\/01\/june2-1024x1024.jpg 1024w, https:\/\/sbera.org.br\/novo\/wp-content\/uploads\/2026\/01\/june2-300x300.jpg 300w, https:\/\/sbera.org.br\/novo\/wp-content\/uploads\/2026\/01\/june2-150x150.jpg 150w, https:\/\/sbera.org.br\/novo\/wp-content\/uploads\/2026\/01\/june2-768x768.jpg 768w, https:\/\/sbera.org.br\/novo\/wp-content\/uploads\/2026\/01\/june2.jpg 1080w\" sizes=\"auto, (max-width: 1024px) 100vw, 1024px\" \/><figcaption class=\"wp-element-caption\">June Faria Scherrer Menezes \u2013 Diretora de Pecu\u00e1ria<\/figcaption><\/figure>\n\n\n\n<figure class=\"wp-block-image size-full\"><img loading=\"lazy\" decoding=\"async\" width=\"1200\" height=\"1600\" data-id=\"1136\" src=\"https:\/\/sbera.org.br\/novo\/wp-content\/uploads\/2026\/01\/kisao.jpeg\" alt=\"\" class=\"wp-image-1136\" srcset=\"https:\/\/sbera.org.br\/novo\/wp-content\/uploads\/2026\/01\/kisao.jpeg 1200w, https:\/\/sbera.org.br\/novo\/wp-content\/uploads\/2026\/01\/kisao-225x300.jpeg 225w, https:\/\/sbera.org.br\/novo\/wp-content\/uploads\/2026\/01\/kisao-768x1024.jpeg 768w, https:\/\/sbera.org.br\/novo\/wp-content\/uploads\/2026\/01\/kisao-1152x1536.jpeg 1152w\" sizes=\"auto, (max-width: 1200px) 100vw, 1200px\" \/><figcaption class=\"wp-element-caption\">Valkerson Lemes Zacarkin \u2013 Diretor de Comunica\u00e7\u00e3o<\/figcaption><\/figure>\n<\/figure>\n\n\n\n<p class=\"has-text-align-center has-black-color has-text-color has-background has-medium-font-size\" style=\"background:linear-gradient(135deg,rgb(238,238,238) 100%,rgb(169,184,195) 100%)\"><strong>CONSELHO FISCAL (Gest\u00e3o 2026-2027)<\/strong><\/p>\n\n\n\n<p class=\"has-black-color has-text-color\"><strong>TITULARES<\/strong><\/p>\n\n\n\n<p>Ricardo Lu\u00eds Radis Steinmetz<br>Camila Michels<br>Julio Cesar Pascale Palhares<\/p>\n\n\n\n<p><\/p>\n\n\n\n<p class=\"has-black-color has-text-color\"><strong>SUPLENTES<\/strong><\/p>\n\n\n\n<p>Airton Kunz<br>Deisi Cristina T\u00e1pparo<\/p>\n\n\n\n<h2 class=\"wp-block-heading has-text-align-center has-black-color has-text-color has-background has-link-color has-medium-font-size wp-elements-33ae400fb2e051b41d3bfa76cb2823c8\" style=\"background:linear-gradient(135deg,rgb(238,238,238) 96%,rgb(169,184,195) 100%)\"><strong>Galeria de Diretores Presidentes<\/strong><\/h2>\n\n\n\n<figure class=\"wp-block-gallery has-nested-images columns-default is-cropped wp-block-gallery-2 is-layout-flex wp-block-gallery-is-layout-flex\">\n<figure class=\"wp-block-image size-large\"><img loading=\"lazy\" decoding=\"async\" width=\"1600\" height=\"900\" data-id=\"687\" src=\"https:\/\/sbera.org.br\/novo\/wp-content\/uploads\/2023\/11\/WhatsApp-Image-2023-11-16-at-14.45.25-edited.jpeg\" alt=\"\" class=\"wp-image-687\" srcset=\"https:\/\/sbera.org.br\/novo\/wp-content\/uploads\/2023\/11\/WhatsApp-Image-2023-11-16-at-14.45.25-edited.jpeg 1600w, https:\/\/sbera.org.br\/novo\/wp-content\/uploads\/2023\/11\/WhatsApp-Image-2023-11-16-at-14.45.25-edited-300x169.jpeg 300w, https:\/\/sbera.org.br\/novo\/wp-content\/uploads\/2023\/11\/WhatsApp-Image-2023-11-16-at-14.45.25-edited-1024x576.jpeg 1024w, https:\/\/sbera.org.br\/novo\/wp-content\/uploads\/2023\/11\/WhatsApp-Image-2023-11-16-at-14.45.25-edited-768x432.jpeg 768w, https:\/\/sbera.org.br\/novo\/wp-content\/uploads\/2023\/11\/WhatsApp-Image-2023-11-16-at-14.45.25-edited-1536x864.jpeg 1536w\" sizes=\"auto, (max-width: 1600px) 100vw, 1600px\" \/><\/figure>\n<\/figure>\n","protected":false},"excerpt":{"rendered":"<p>Ata de elei\u00e7\u00e3o da diretoria (Gest\u00e3o 2026-2027) Diretoria (Gest\u00e3o 2026-2027) CONSELHO FISCAL (Gest\u00e3o 2026-2027) TITULARES Ricardo Lu\u00eds Radis SteinmetzCamila MichelsJulio Cesar Pascale Palhares SUPLENTES Airton KunzDeisi Cristina T\u00e1pparo Galeria de &#8230;<\/p>\n","protected":false},"author":3,"featured_media":0,"parent":0,"menu_order":0,"comment_status":"closed","ping_status":"closed","template":"template-fullwidth.php","meta":{"footnotes":""},"class_list":["post-59","page","type-page","status-publish","hentry"],"_links":{"self":[{"href":"https:\/\/sbera.org.br\/novo\/wp-json\/wp\/v2\/pages\/59","targetHints":{"allow":["GET"]}}],"collection":[{"href":"https:\/\/sbera.org.br\/novo\/wp-json\/wp\/v2\/pages"}],"about":[{"href":"https:\/\/sbera.org.br\/novo\/wp-json\/wp\/v2\/types\/page"}],"author":[{"embeddable":true,"href":"https:\/\/sbera.org.br\/novo\/wp-json\/wp\/v2\/users\/3"}],"replies":[{"embeddable":true,"href":"https:\/\/sbera.org.br\/novo\/wp-json\/wp\/v2\/comments?post=59"}],"version-history":[{"count":58,"href":"https:\/\/sbera.org.br\/novo\/wp-json\/wp\/v2\/pages\/59\/revisions"}],"predecessor-version":[{"id":1145,"href":"https:\/\/sbera.org.br\/novo\/wp-json\/wp\/v2\/pages\/59\/revisions\/1145"}],"wp:attachment":[{"href":"https:\/\/sbera.org.br\/novo\/wp-json\/wp\/v2\/media?parent=59"}],"curies":[{"name":"wp","href":"https:\/\/api.w.org\/{rel}","templated":true}]}}